{"id":1012,"date":"2022-12-23T09:11:56","date_gmt":"2022-12-23T08:11:56","guid":{"rendered":"https:\/\/www.backprima.at\/?page_id=1012"},"modified":"2022-12-23T09:44:11","modified_gmt":"2022-12-23T08:44:11","slug":"lizenz-vereinbarung","status":"publish","type":"page","link":"https:\/\/backprima.at\/index.php\/startseite\/impressum-usw\/lizenz-vereinbarung\/","title":{"rendered":"Lizenz-Vereinbarung"},"content":{"rendered":"<p><span style=\"font-family: arial, helvetica, sans-serif;\">Mit der Installation von <strong>B\u00e4ckerei Prima!<\/strong> auf Ihrem Computer stimmen Sie der nachfolgend angef\u00fchrten Lizenz-Vereinbarung ausdr\u00fccklich zu:<\/span><\/p>\n<p><span style=\"font-family: arial, helvetica, sans-serif; font-size: 18pt;\"><strong>Lizenz &#8211; Vereinbarung zu B\u00e4ckerei Prima!<\/strong><\/span><\/p>\n<p><span style=\"font-family: arial, helvetica, sans-serif;\">Um die Nutzungsrechte an <strong>B\u00e4ckerei Prima!<\/strong> zu erwerben oder zu testen, das Programm zu installieren und damit arbeiten zu k\u00f6nnen, m\u00fcssen Sie diese Lizenz-Vereinbarung akzeptiert haben! Lesen Sie die Bedingungen dieser Vereinbarung sorgf\u00e4ltig, da sie die Grundlage der Gesch\u00e4ftsbeziehung zwischen Ihnen (dem gewerblichen <strong>Endbenutzer<\/strong>) und uns (der <strong>Systemhaus Predl Informationstechnologie-GesmbH<\/strong> bzw kurz: <strong>Systemhaus Predl IT-GmbH<\/strong>) darstellen. Durch die Installation der Software auf Ihrem Computer bzw auf Ihren Computern stimmen Sie allen Punkten dieser Lizenz-Vereinbarung ausdr\u00fccklich zu.<\/span><\/p>\n<p><span style=\"font-family: arial, helvetica, sans-serif;\"><strong>1 &#8211; Lizenz<\/strong><\/span><br \/>\n<span style=\"font-family: arial, helvetica, sans-serif;\">Die Systemhaus Predl IT-GmbH verkauft dem Endbenutzer das zeitlich unbeschr\u00e4nkte Recht, eine oder mehrere Kopien des Programmes <strong>B\u00e4ckerei Prima!<\/strong> (Autor: Ing. G\u00fcnter Predl) zu benutzen. Das Recht zur betrieblichen Nutzung einer Vollversion des Programmes <strong>B\u00e4ckerei Prima!<\/strong> entsteht erst nach vollst\u00e4ndiger Entrichtung des geforderten Kaufpreises.<\/span><\/p>\n<p><span style=\"font-family: arial, helvetica, sans-serif;\"><strong>2 &#8211; Besitz der Software \/ Natur der Software<\/strong><\/span><br \/>\n<span style=\"font-family: arial, helvetica, sans-serif;\">Der Endbenutzer des Programmes <strong>B\u00e4ckerei Prima!<\/strong> anerkennt, dass der Besitz des Programmes bei der Systemhaus Predl IT-GmbH liegt und er das Recht zur Nutzung einer Kopie erwirbt. Er anerkennt, dass das Programm <strong>B\u00e4ckerei Prima!<\/strong> ein sogenanntes <strong>&#8218;Standard-Programm&#8216;<\/strong> ist und dass sich der rechtliche Status dieses Programmes auch durch eventuell kundenbeauftragte \/ bezahlte \u00c4nderungen und Zus\u00e4tze zum Programm nicht ver\u00e4ndern kann. Der Endbenutzer wei\u00df, dass Verletzungen des Copyright an <strong>B\u00e4ckerei Prima! <\/strong>sowohl strafrechtliche wie zivilrechtliche Folgen haben k\u00f6nnen, auf jeden Fall aber eine Beendigung der Nutzung durch den Verletzer des Copyright. Der Endbenutzer anerkennt, dass die Systemhaus Predl IT-GmbH die alleinige Kontrolle \u00fcber Zahl und Art der in Verkehr befindlichen Kopien von <strong>B\u00e4ckerei Prima!<\/strong> hat.<\/span><\/p>\n<p><span style=\"font-family: arial, helvetica, sans-serif;\"><strong>3 &#8211; Der Endbenutzer ist Vollkaufmann<\/strong><\/span><br \/>\n<span style=\"font-family: arial, helvetica, sans-serif;\">Der Endbenutzer des Programmes <strong>B\u00e4ckerei Prima!<\/strong> versichert, dass es sich bei ihm um einen gewerblichen Anwender und Vollkaufmann handelt. Der Endbenutzer verzichtet ausdr\u00fccklich auf die Inanspruchnahme des Konsumentenschutzgesetzes gegen\u00fcber der Systemhaus Predl IT-GmbH, auch wenn ihm dies als gewerblicher Anwender durch bestimmte Ausnahmeregeln erlaubt sein sollte.<\/span><\/p>\n<p><span style=\"font-family: arial, helvetica, sans-serif;\"><strong>4 &#8211; anwendbares Recht \/ Gerichtsstand<\/strong><\/span><br \/>\n<span style=\"font-family: arial, helvetica, sans-serif;\">Es gilt als vereinbart, dass \u00f6sterreichisches Recht gilt. Es wird f\u00fcr alle Streitigkeiten aus dem Erwerb der Nutzungsrechte und dem Betrieb und der Verwendung des Programmes <strong>B\u00e4ckerei Prima!<\/strong> ausdr\u00fccklich mit dem Endbenutzer vereinbart, dass dies am Gerichtsstand Korneuburg, Nieder\u00f6sterreich zu erfolgen hat.<\/span><\/p>\n<p><span style=\"font-family: arial, helvetica, sans-serif;\"><strong>5 &#8211; Garantie \/ Verantwortlichkeit<\/strong><\/span><br \/>\n<span style=\"font-family: arial, helvetica, sans-serif;\">Der Endbenutzer anerkennt, dass ihm das Recht auf die zeitlich unbegrenzte Verwendung des Programmes <strong>B\u00e4ckerei Prima!<\/strong> ohne jegliche Garantien, die sich auf die Brauchbarkeit des Programmes <strong>B\u00e4ckerei Prima!<\/strong> f\u00fcr irgend einen bestimmten Zweck beziehen, \u00fcberlassen wird. Der Endbenutzer anerkennt, da\u00df die Systemhaus Predl IT-GmbH f\u00fcr keine eventuell auftretenden Probleme mit dem Programm <strong>B\u00e4ckerei Prima!<\/strong> haftbar gemacht werden kann. Es liegt in der Verantwortung des Endbenutzers, die Brauchbarkeit des Programmes <strong>B\u00e4ckerei Prima!<\/strong> f\u00fcr den ins Auge gefa\u00dften Zweck zu pr\u00fcfen und die Verwendung des Programmes nach Ma\u00dfgabe und Ergebnis dieser Pr\u00fcfung in seinem Betrieb einzuf\u00fchren. Um die Eignung des Programmes vor dem Kauf zu pr\u00fcfen, stehen allen Interessenten auf dem Web Site der Systemhaus Predl IT-GesmbH nicht freigeschaltete 32-bit- und 64-bit-Versionen von <strong>B\u00e4ckerei Prima!<\/strong> zum download zur Verf\u00fcgung. Der Endbenutzer wei\u00df, dass er der Besitzer und Verantwortliche seiner eigenen Daten ist und daher f\u00fcr die regelm\u00e4\u00dfige Sicherung dieser Daten selbst verantwortlich ist!<\/span><\/p>\n<p><span style=\"font-family: arial, helvetica, sans-serif;\"><strong>6 &#8211; Lizenzname \/ Lizenznummer<\/strong><\/span><br \/>\n<span style=\"font-family: arial, helvetica, sans-serif;\">Jede verkaufte Kopie des Programmes <strong>B\u00e4ckerei Prima!<\/strong> ist mit Kundennummer, Lizenzname und Lizenznummer vor unerlaubter Verwendung gesch\u00fctzt. Diese Daten werden dem K\u00e4ufer von der Systemhaus Predl IT-GesmbH per e-Mail mitgeteilt und k\u00f6nnen w\u00e4hrend des Installations-Vorganges oder sp\u00e4ter durch Dr\u00fccken der Shift-Taste w\u00e4hrend des Programm-Starts eingetragen werden. <span style=\"text-decoration: underline;\"><strong>Nach Erteilung der Lizenzdaten ist eine R\u00fccknahme \/ R\u00fcckgabe nicht mehr m\u00f6glich.<\/strong><\/span> Der Endbenutzer wird hiermit informiert, dass bei jedem Start des Programmes <strong>B\u00e4ckerei Prima!<\/strong> der Systemhaus Predl IT-GesmbH via Internet die MAC-Adresse, die IP-Adresse und die Lizenzdaten \u00fcbermittelt werden. Dies zur ev. \u00dcberpr\u00fcfung illegaler Nutzung. Falls der Endbenutzer damit nicht einverstanden ist, darf er das Programm nicht benutzen, ein R\u00fcckgaberecht entsteht daraus nicht.<\/span><\/p>\n<p><span style=\"font-family: arial, helvetica, sans-serif;\"><strong>7 &#8211; Legale \/ illegale Nutzung und Weitergabe<\/strong><\/span><br \/>\n<span style=\"font-family: arial, helvetica, sans-serif;\">Das Programm <strong>B\u00e4ckerei Prima!<\/strong> darf nicht verleast oder seine Nutzung mit einem anderen Betrieb geteilt werden. Der Endbenutzer darf das Programm weder dekompilieren, noch ver\u00e4ndern, noch den Kopierschutz (Kundennummer, Lizenzname, Lizenznummer) umgehen. Er verpflichtet sich, die Dokumentation (Videos, Hilfe-Dateien usw) nicht zu ver\u00e4ndern oder in ver\u00e4nderter Form weiterzugeben und anerkennt das Copyright der Systemhaus Predl IT-GmbH an diesen Materialien.<\/span><\/p>\n<p><span style=\"font-family: arial, helvetica, sans-serif;\">Die Weitergabe \/ der Verkauf des Programmes an einen anderen Benutzer ist m\u00f6glich, allerdings mu\u00df die Lizenz-Information auf den Namen des neuen Besitzers ge\u00e4ndert werden. Hierzu ist die Systemhaus Predl IT-GmbH vom Besitzerwechsel zu verst\u00e4ndigen, die Daten des neuen Besitzers sind beizulegen. Wir versenden dann umstandslos einen Brief an den neuen Besitzer samt den neuen Lizenzdaten und verrechnen daf\u00fcr per Nachnahme eine Geb\u00fchr (nachfragen!). Achtung: es muss plausibel dargestellt werden, dass der Abgeber des Programmes die Verwendung des Programmes <strong>B\u00e4ckerei Prima!<\/strong> zum gleichen Zeitpunkt beendet! Setzt er die Verwendung trotzdem fort, so haften Abgeber und Neubenutzer gemeinsam f\u00fcr den Kaufpreis.<\/span><\/p>\n<p><span style=\"font-family: arial, helvetica, sans-serif;\"><strong>8 &#8211; Testversion<\/strong><\/span><br \/>\n<span style=\"font-family: arial, helvetica, sans-serif;\">So lange das Programm <strong>B\u00e4ckerei Prima!<\/strong> als Testversion &#8211; also ohne Lizenzdaten &#8211; in Verwendung steht, sichert der Endbenutzer der Systemhaus Predl IT-GmbH verbindlich zu, dass er das Programm nur zum Zweck der Pr\u00fcfung des Programmnes auf Eignung f\u00fcr seine betrieblichen Anforderungen verwenden wird. Keinesfalls wird er damit Zwecke im Rahmen seiner gewerblichen T\u00e4tigkeit verfolgen.<\/span><\/p>\n<p><span style=\"font-family: arial, helvetica, sans-serif;\"><strong>9 &#8211; \u00c4nderungen und Zus\u00e4tze zur Lizenz-Vereinbarung<\/strong><\/span><br \/>\n<span style=\"font-family: arial, helvetica, sans-serif;\">Es gelten keine m\u00fcndlichen \u00c4nderungen dieser Lizenz-Vereinbarung. Falls eine Vereinbarung \u00fcber eine \u00c4nderung dieser Lizenz-Vereinbarung mit dem Endbenutzer zu Stande kommen sollte, so erlangt sie nur dann G\u00fcltigkeit, wenn dies in schriftlicher Form durch die Gesch\u00e4ftsf\u00fchrung der Systemhaus Predl IT-GmbH best\u00e4tigt wird.<\/span><\/p>\n<p><span style=\"font-family: arial, helvetica, sans-serif;\"><strong>10 &#8211; G\u00fcltigkeit der Lizenz-Vereinbarung (salvatorische Klausel)<\/strong><\/span><br \/>\n<span style=\"font-family: arial, helvetica, sans-serif;\">Sollten Teile dieser Lizenz-Vereinbarung aus welchen Gr\u00fcnden auch immer als ung\u00fcltig zu betrachten sein, so wird vereinbart, dass dies die \u00fcbrigen Teile dieser Lizenz-Vereinbarung nicht betrifft und die Lizenz-Vereinbarung dennoch aufrecht bleibt.<\/span><\/p>\n<p><span style=\"font-family: arial, helvetica, sans-serif;\"><strong>11 &#8211; Beendigung<\/strong><\/span><br \/>\n<span style=\"font-family: arial, helvetica, sans-serif;\">Sollte der Endbenutzer nachweislich gegen eine der Bestimmungen dieser Lizenz-Vereinbarung versto\u00dfen, so hat die Systemhaus Predl IT-GmbH das Recht, die Beendigung dieser Lizenz-Vereinbarung mit dem Endbenutzer zu verk\u00fcnden und die Vernichtung aller Kopien des Programmes <strong>B\u00e4ckerei Prima!<\/strong>, die sich noch im Besitz des Endbenutzers befinden, zu fordern. Dies ungeachtet aller eventuellen Schadenersatzforderungen und strafrechtlichen Folgen.<\/span><\/p>\n<p><span style=\"font-family: arial, helvetica, sans-serif;\">Systemhaus Predl Informationstechnologie-GesmbH<\/span><br \/>\n<span style=\"font-family: arial, helvetica, sans-serif;\">Leebergstra\u00dfe 10, 2004 Niederhollabrunn, Tel 02574 28505<\/span><br \/>\n<span style=\"font-family: arial, helvetica, sans-serif;\">http:\/\/www.syspredl.com<\/span><\/p>\n<p>2022-12-23<\/p>\n","protected":false},"excerpt":{"rendered":"<p>Mit der Installation von B\u00e4ckerei Prima! auf Ihrem Computer stimmen Sie der nachfolgend angef\u00fchrten Lizenz-Vereinbarung ausdr\u00fccklich zu: Lizenz &#8211; Vereinbarung zu B\u00e4ckerei Prima! Um die Nutzungsrechte an B\u00e4ckerei Prima! zu erwerben oder zu testen, das Programm zu installieren und damit arbeiten zu k\u00f6nnen, m\u00fcssen Sie diese Lizenz-Vereinbarung akzeptiert haben! Lesen Sie die Bedingungen dieser Vereinbarung [&hellip;]<\/p>\n","protected":false},"author":1,"featured_media":889,"parent":6,"menu_order":0,"comment_status":"closed","ping_status":"closed","template":"page-s8c0d.php","meta":{"footnotes":""},"class_list":["post-1012","page","type-page","status-publish","has-post-thumbnail","hentry"],"_links":{"self":[{"href":"https:\/\/backprima.at\/index.php\/wp-json\/wp\/v2\/pages\/1012","targetHints":{"allow":["GET"]}}],"collection":[{"href":"https:\/\/backprima.at\/index.php\/wp-json\/wp\/v2\/pages"}],"about":[{"href":"https:\/\/backprima.at\/index.php\/wp-json\/wp\/v2\/types\/page"}],"author":[{"embeddable":true,"href":"https:\/\/backprima.at\/index.php\/wp-json\/wp\/v2\/users\/1"}],"replies":[{"embeddable":true,"href":"https:\/\/backprima.at\/index.php\/wp-json\/wp\/v2\/comments?post=1012"}],"version-history":[{"count":8,"href":"https:\/\/backprima.at\/index.php\/wp-json\/wp\/v2\/pages\/1012\/revisions"}],"predecessor-version":[{"id":1020,"href":"https:\/\/backprima.at\/index.php\/wp-json\/wp\/v2\/pages\/1012\/revisions\/1020"}],"up":[{"embeddable":true,"href":"https:\/\/backprima.at\/index.php\/wp-json\/wp\/v2\/pages\/6"}],"wp:featuredmedia":[{"embeddable":true,"href":"https:\/\/backprima.at\/index.php\/wp-json\/wp\/v2\/media\/889"}],"wp:attachment":[{"href":"https:\/\/backprima.at\/index.php\/wp-json\/wp\/v2\/media?parent=1012"}],"curies":[{"name":"wp","href":"https:\/\/api.w.org\/{rel}","templated":true}]}}