{"id":1078,"date":"2022-12-24T09:48:19","date_gmt":"2022-12-24T08:48:19","guid":{"rendered":"https:\/\/www.backprima.at\/?page_id=1078"},"modified":"2022-12-24T10:31:39","modified_gmt":"2022-12-24T09:31:39","slug":"anleitungen-zu-installationen","status":"publish","type":"page","link":"https:\/\/backprima.at\/index.php\/startseite\/baeckerei-prima-die-downloads\/anleitungen-zu-installationen\/","title":{"rendered":"Anleitungen zu Installationen"},"content":{"rendered":"<p><span style=\"font-family: arial, helvetica, sans-serif; font-size: 14pt;\">In diese Seite haben wir die Links zu den detaillierten Anleitungen zur Installation verschiedener Teile des Programmes <strong>B\u00e4ckerei Prima!<\/strong> hereingestellt. <\/span><span style=\"font-family: arial, helvetica, sans-serif; font-size: 14pt;\">Damit sollen Sie in die Lage versetzt werden, die Installation der unter &#8222;<span style=\"text-decoration: underline;\"><span style=\"color: #0000ff; text-decoration: underline;\"><a style=\"color: #0000ff; text-decoration: underline;\" href=\"https:\/\/www.backprima.at\/?page_id=243\">Downloads<\/a><\/span><\/span>&#8220; heruntergeladenen Programmteile ohne Unterst\u00fctzung durch einen Fachmann selbst zu erledigen. Gerne werden wir Installationen auf Anfrage per Fernwartung (<a href=\"https:\/\/www.backprima.at\/?page_id=338\"><span style=\"text-decoration: underline;\"><span style=\"color: #0000ff; text-decoration: underline;\">nicht kostenfrei!<\/span><\/span><\/a>) f\u00fcr Sie durchf\u00fchren.<br \/>\n<\/span><\/p>\n<p>&nbsp;<\/p>\n<p><span style=\"font-family: arial, helvetica, sans-serif; font-size: 14pt;\">1 &#8211; Die Installation der Datenbank <strong>HyperFileSQL Client\/Server<\/strong>:<\/span><\/p>\n<p style=\"padding-left: 40px;\"><span style=\"font-family: arial, helvetica, sans-serif; font-size: 14pt;\">auf einem lokalen Windows PC<\/span><\/p>\n<p style=\"padding-left: 40px;\"><span style=\"font-family: arial, helvetica, sans-serif; font-size: 14pt;\">auf einem im lokalen LAN eingebundenen Windows PC<\/span><\/p>\n<p style=\"padding-left: 40px;\"><span style=\"font-family: arial, helvetica, sans-serif; font-size: 14pt;\">auf einem lokalen Windows Server<\/span><\/p>\n<p style=\"padding-left: 40px;\"><span style=\"font-family: arial, helvetica, sans-serif; font-size: 14pt;\">auf einem root Web-Server (Windows) bei einem Provider (kein virtueller server account!)<br \/>\n<\/span><\/p>\n<p style=\"padding-left: 40px;\"><span style=\"font-family: arial, helvetica, sans-serif; font-size: 14pt;\">auf einem root Web-Server (Linux) bei einem Provider (kein virtueller server account!)<br \/>\n<\/span><\/p>\n<p style=\"padding-left: 40px;\"><span style=\"font-family: arial, helvetica, sans-serif; font-size: 14pt;\">der Umgang mit dem HyperFileSQL Control Center (zB um Classic-Daten =&gt; Client\/Server zu \u00fcbertragen)<\/span><\/p>\n<p><span style=\"font-family: arial, helvetica, sans-serif; font-size: 14pt;\">2 &#8211; Die Installation von <strong>B\u00e4ckerei Prima!<\/strong> auf einem Windows PC<\/span><\/p>\n<p><span style=\"font-family: arial, helvetica, sans-serif; font-size: 14pt;\">3 &#8211; Die Installation von <strong>Reports &#038; Queries<\/strong> auf Ihrem lokalen Windows PC<\/span><\/p>\n<p>&nbsp;<\/p>\n<p><span style=\"font-family: arial, helvetica, sans-serif; font-size: 14pt;\">F\u00fcr jene B\u00e4ckereien, die sich von einem lokalen Fachmann Zus\u00e4tze zu <strong>B\u00e4ckerei Prima!<\/strong> programmieren lassen wollen, gibt es f\u00fcr den Zugriff auf die Datenbank von <strong>B\u00e4ckerei Prima!<\/strong> noch ODBC-Treiber und OLE-DB-Treiber zum Download. Damit k\u00f6nnen spezielle Dinge wie zB eine \u00dcberleitung in eine Finanzbuchhaltung oder andere Auswertungen erstellt werden. Die dazu verwendete Programmiersprache ist da im Grunde egal, es muss blo\u00df der Zugriff auf die Datenbank m\u00f6glich sein. Ein Fachmann kennt sich mit dem Umgang mit diesen Treibern im allgemeinen gut aus. Sollten Probleme auftauchen, so stehen wir gerne mit Rat zur Verf\u00fcgung. Auch mit dem Zusatz <strong>Reports &#038; Queries<\/strong> sollte ein Fachmann umgehen k\u00f6nnen um spezielle Listen und Auswertungen erstellen zu k\u00f6nnen.<\/span><\/p>\n<p>&nbsp;<\/p>\n","protected":false},"excerpt":{"rendered":"<p>In diese Seite haben wir die Links zu den detaillierten Anleitungen zur Installation verschiedener Teile des Programmes B\u00e4ckerei Prima! hereingestellt. Damit sollen Sie in die Lage versetzt werden, die Installation der unter &#8222;Downloads&#8220; heruntergeladenen Programmteile ohne Unterst\u00fctzung durch einen Fachmann selbst zu erledigen. Gerne werden wir Installationen auf Anfrage per Fernwartung (nicht kostenfrei!) f\u00fcr Sie [&hellip;]<\/p>\n","protected":false},"author":1,"featured_media":901,"parent":69,"menu_order":3,"comment_status":"closed","ping_status":"closed","template":"page-full.php","meta":{"footnotes":""},"class_list":["post-1078","page","type-page","status-publish","has-post-thumbnail","hentry"],"_links":{"self":[{"href":"https:\/\/backprima.at\/index.php\/wp-json\/wp\/v2\/pages\/1078","targetHints":{"allow":["GET"]}}],"collection":[{"href":"https:\/\/backprima.at\/index.php\/wp-json\/wp\/v2\/pages"}],"about":[{"href":"https:\/\/backprima.at\/index.php\/wp-json\/wp\/v2\/types\/page"}],"author":[{"embeddable":true,"href":"https:\/\/backprima.at\/index.php\/wp-json\/wp\/v2\/users\/1"}],"replies":[{"embeddable":true,"href":"https:\/\/backprima.at\/index.php\/wp-json\/wp\/v2\/comments?post=1078"}],"version-history":[{"count":15,"href":"https:\/\/backprima.at\/index.php\/wp-json\/wp\/v2\/pages\/1078\/revisions"}],"predecessor-version":[{"id":1094,"href":"https:\/\/backprima.at\/index.php\/wp-json\/wp\/v2\/pages\/1078\/revisions\/1094"}],"up":[{"embeddable":true,"href":"https:\/\/backprima.at\/index.php\/wp-json\/wp\/v2\/pages\/69"}],"wp:featuredmedia":[{"embeddable":true,"href":"https:\/\/backprima.at\/index.php\/wp-json\/wp\/v2\/media\/901"}],"wp:attachment":[{"href":"https:\/\/backprima.at\/index.php\/wp-json\/wp\/v2\/media?parent=1078"}],"curies":[{"name":"wp","href":"https:\/\/api.w.org\/{rel}","templated":true}]}}