{"id":14,"date":"2018-03-29T19:03:33","date_gmt":"2018-03-29T17:03:33","guid":{"rendered":"http:\/\/www.backprima.at\/?page_id=14"},"modified":"2025-06-29T14:45:42","modified_gmt":"2025-06-29T14:45:42","slug":"startseite","status":"publish","type":"page","link":"https:\/\/backprima.at\/","title":{"rendered":"Startseite &#8211; B\u00e4ckerei Prima!"},"content":{"rendered":"<p style=\"text-align: center;\"><span style=\"font-size: 18pt; color: #ff0000; font-family: arial, helvetica, sans-serif;\"><strong><span style=\"background-color: #ffff99;\">Wichtige Information: <span style=\"font-size: 24pt; background-color: #ffff99;\">B\u00e4ckerei Prima!<\/span> ist noch nicht erh\u00e4ltlich!<\/span><br \/>\n<\/strong><\/span><\/p>\n<p style=\"text-align: center;\"><span style=\"font-family: arial, helvetica, sans-serif;\"><strong><span style=\"background-color: #ffff99;\">Dieser Web Site und das Programm selbst befinden sich in Ausarbeitung. Alle angef\u00fchrten Features und Preise k\u00f6nnen ohne Angabe von Gr\u00fcnden gel\u00f6scht oder ge\u00e4ndert werden!<\/span><\/strong><\/span><\/p>\n<p style=\"text-align: center;\"><span style=\"font-size: 18pt;\"><strong><span style=\"font-family: arial, helvetica, sans-serif;\">Lieferungen schneller und leichter erfassen, Kunden einfacher abrechnen, schneller ans Geld!<\/span><\/strong><\/span><\/p>\n<p style=\"text-align: center;\"><span style=\"text-decoration: underline;\"><span style=\"color: #0000ff;\"><a style=\"color: #0000ff;\" href=\"https:\/\/wiki.backprima.at\"><span style=\"font-family: arial, helvetica, sans-serif; font-size: 18pt;\">Zum Hilfe-System von B\u00e4ckerei Prima!<\/span><\/a><\/span><\/span><\/p>\n<table style=\"border-collapse: collapse; width: 100%;\" border=\"1\">\n<tbody>\n<tr>\n<td style=\"width: 50%;\"><span style=\"font-family: arial, helvetica, sans-serif; font-size: 14pt;\"><strong>Erwerb:<\/strong> Sie kaufen und nutzen <strong>B\u00e4ckerei Prima!<\/strong> &#8211; das wars! Wir verlangen <span style=\"color: #800000;\"><strong>keine regelm\u00e4\u00dfig verrechneten Wartungskosten!<\/strong><\/span> Sie k\u00f6nnen das Programm aber auch mieten und bezahlen monatlich 1\/60 des Kaufpreises, Voraussetzung: Bankeinzug. Sie k\u00f6nnen in diesem Fall die Verwendung von <strong>B\u00e4ckerei Prima!<\/strong> jederzeit abbrechen<strong>!<\/strong><\/span><\/p>\n<p><span style=\"font-family: arial, helvetica, sans-serif; font-size: 14pt;\"><strong>Support \/ Unterst\u00fctzung:<\/strong> <span style=\"color: #800000;\"><strong>alle Unterst\u00fctzung <span style=\"text-decoration: underline;\">per e-Mail<\/span> ist auf Lebenszeit <span style=\"text-decoration: underline;\">kostenlos<\/span>!<\/strong><\/span> Reaktionszeit max 3 Tage. Telefonische Unterst\u00fctzung oder Fernwartung werden in Halbstundenschritten verrechnet. Wer solche Support-Rechnungen nicht bezahlt, der erh\u00e4lt keine Unterst\u00fctzung mehr, auch nicht per e-Mail!<br \/>\n<\/span><\/p>\n<p><span style=\"font-family: arial, helvetica, sans-serif; font-size: 14pt;\"><strong><span style=\"color: #800000;\">Kostenloses und zeitlich unbegrenztes Testen von B\u00e4ckerei Prima!<\/span> f\u00fcr alle Interessenten!<\/strong> Sie k\u00f6nnen <strong>B\u00e4ckerei Prima!<\/strong> gerne von dieser Seite herunterladen, auf Ihrem Computer installieren und ohne Verpflichtungen so lange testen, wie Sie dazu Lust haben. F\u00fcr den Test m\u00fcssen Sie sich korrekt identifizieren, dann erhalten Sie einen Link zum Download der Test-Version von <strong>B\u00e4ckerei Prima!<\/strong><\/span><\/p>\n<p><span style=\"font-family: arial, helvetica, sans-serif; font-size: 14pt;\"><strong>B\u00e4ckerei Prima! ist <span style=\"color: #800000;\">serienm\u00e4\u00dfig ein Mehrplatz-System!<\/span><\/strong> Mit unbegrenzter Zahl von Arbeitspl\u00e4tzen. <span style=\"color: #800000;\"><strong>Zugriff auch \u00fcbers Internet<\/strong><\/span> wenn die Datenbank \u00fcber das Internet erreichbar ist, zB f\u00fcr &#8222;home office&#8220; oder f\u00fcr dort, wo B\u00fcro und Produktion in entfernten Geb\u00e4uden untergebracht sind.<\/span><\/p>\n<p><span style=\"font-family: arial, helvetica, sans-serif; font-size: 14pt;\"><strong>Die HFSQL Datenbanken.<\/strong> Datenbank im Haus am eigenen PC, im LAN am eigenen Server oder NAS oder beim Provider am Internet. Es sind zwei unterschiedliche Datenbanken (lokal und Client\/Server) verf\u00fcgbar!<br \/>\n<\/span><\/p>\n<p><span style=\"font-family: arial, helvetica, sans-serif; font-size: 14pt;\"><strong>Zutritts-Kontrolle<\/strong> (Benutzername \/ Passwort) mit Information f\u00fcr den Administrator, wer wann von welchem Computer her das Programm betreten hat und wann sie\/er es verlassen hat. Das ist ganz wichtig bei Verwendung der Datenbank \u00fcbers Internet! Die Zutrittskontrolle kann aber auch abgeschaltet werden. Sie k\u00f6nnen f\u00fcr bestimmte Benutzer den Zutritt zu bestimmten Programmzweigen sperren!<br \/>\n<\/span><\/p>\n<p><span style=\"font-family: arial, helvetica, sans-serif; font-size: 14pt;\"><strong>Alle Tabellen<\/strong> sind individuell f\u00fcr jeden Benutzer anpassbar. Schriftart, Schriftgr\u00f6\u00dfe, Schriftfarbe, Zeilenh\u00f6he, Farbe und Hintergrund des Auswahlbalkens. Ausnahmen gibt es nur f\u00fcr einige sehr spezielle Tabellen.<br \/>\n<\/span><\/p>\n<p><span style=\"font-family: arial, helvetica, sans-serif; font-size: 14pt;\"><strong>Daten-Export.<\/strong> Die gezeigten Daten jeder Tabelle k\u00f6nnen sofort exportiert werden, nach Word, Excel, nach OpenOffice und LibreOffice und Text f\u00fcr jede Textverarbeitung! Auch der Export aller Daten in CSV-Dateien f\u00fcr den pr\u00fcfenden Finanzbeamten ist m\u00f6glich.<br \/>\n<\/span><\/p>\n<p><span style=\"font-size: 14pt; font-family: arial, helvetica, sans-serif;\"><strong>Mengenger\u00fcst von B\u00e4ckerei Prima!<\/strong>: 999999 Kunden, 999999 Artikel, 999999 Preislisten, unbegrenzt viele Lieferscheine, die \u00fcber viele Jahre behalten und angesehen werden k\u00f6nnen.<\/span><\/p>\n<p><span style=\"font-family: arial, helvetica, sans-serif; font-size: 14pt;\"><strong>Lieferstop f\u00fcr Kunden<\/strong>, auch an wiederkehrenden Wochentagen (zB an Ruhetagen) <strong>von\/bis Datum<\/strong> oder <strong>ab Datum<\/strong>.<br \/>\n<\/span><\/p>\n<p><span style=\"font-family: arial, helvetica, sans-serif; font-size: 14pt;\"><strong>Nichtverf\u00fcgbarkeit f\u00fcr Artikel<\/strong>, die nur an bestimmten Tagen oder in einer bestimmten Zeit (&#8222;Saison-Artikel&#8220;) erzeugt werden. Kann einzelne Wochentage oder\/und von\/bis Datum wirksam sein.<br \/>\n<\/span><\/p>\n<p><span style=\"font-family: arial, helvetica, sans-serif; font-size: 14pt;\"><strong>Flexible Preisbildung.\u00a0<\/strong>Die Preislisten sind f\u00fcr jeden Artikel-Preiseintrag mit <strong>Zeilen-Rabatt<\/strong>, mit <strong>Retouren-Begrenzung<\/strong>, mit <strong>Retouren-Sperre<\/strong>, mit <strong>Endrabatt-Sperre<\/strong> und mit <strong>Aktions-Kennzeichnung<\/strong> ausgestattet.<br \/>\n<\/span><\/p>\n<p><span style=\"font-family: arial, helvetica, sans-serif; font-size: 14pt;\"><strong>Preislisten<\/strong> mit <strong>Grundpreisliste<\/strong> + <strong>Spezialpreisliste<\/strong> werden einem Kunden gemeinsam ab Datum zugewiesen. Die Preislisten werden den Kunden ab-Datum zugeordnet und k\u00f6nnen daher schon lange Zeit im voraus vorbereitet werden! Die Spezialpreisliste \u00fcberlagert die Grundpreisliste. Damit ersparen Sie einige Arbeit.<br \/>\n<\/span><\/p>\n<p><span style=\"font-family: arial, helvetica, sans-serif; font-size: 14pt;\"><strong>Die &#8222;Aktionen&#8220; (= &#8222;Angebote&#8220;)<\/strong>. Aktionen \u00fcberlagern in einem Zeitraum <strong>von\/bis Datum<\/strong> oder <strong>ab Datum<\/strong> jeglichen Preis von Grund- oder Spezialpreisliste. Optional kann ein Aktionspreis auf ausgerechneten Lieferscheinen oder Rechnungen vom Aktionskennzeichen &#8222;A&#8220; begleitet werden. <\/span><\/p>\n<p><strong><span style=\"font-family: arial, helvetica, sans-serif; font-size: 14pt;\">Preislisten-Bearbeitung.<\/span><\/strong><span style=\"font-family: arial, helvetica, sans-serif; font-size: 14pt;\"> Die Presilisten k\u00f6nnen komfortabel bearbeitet und automatisiert ver\u00e4ndert werden! Einerseits in Tabellen und andererseits mittels prozentuellem Auf- und Abschlag, Prozente herausrechnen, Preislisten l\u00f6schen, kopieren, und eine spezielle Berechnung auf Basis einer Grundpreisliste.<br \/>\n<\/span><\/p>\n<p><span style=\"font-family: arial, helvetica, sans-serif; font-size: 14pt;\"><strong>Einige Formulare sind anpassbar.<\/strong> Das gilt f\u00fcr <strong>Lieferscheine<\/strong>, <strong>Rechnungen,<\/strong> <strong>Sofortrechnungen<\/strong>, <strong>Einz\u00e4hllisten<\/strong>, <strong>Einz\u00e4hltabellen<\/strong>, <strong>Ladelisten<\/strong>. Das ist kein billiger Berichts-Generator, da k\u00f6nnen Sie vopm Papierformat aufw\u00e4rts fast alles an den Formularen anpassen! Schriftart, Schriftgr\u00f6\u00dfe, Schriftfarbe f\u00fcr alle Elemente. Ein Kopfbild und ein Kopftext. Sie k\u00f6nnen viele Formular-Anpassungen erstellen und jedem Kunden &#8222;sein&#8220; passendes Formular zuordnen.<\/span><\/p>\n<p><span style=\"font-family: arial, helvetica, sans-serif; font-size: 14pt;\"><strong>Der kostenlose Berichts-Generator.<\/strong> Sie k\u00f6nnen zum Programm <strong>B\u00e4ckerei Prima!<\/strong> einen Berichts-Generator herunterladen und eigene Listen und Auswertungen entwerfen, speichern und beliebig oft wiederverwenden!<br \/>\n<\/span><\/p>\n<p>&nbsp;<\/p>\n<p>&nbsp;<\/p>\n<p>&nbsp;<\/p>\n<p>&nbsp;<\/p>\n<p>&nbsp;<\/td>\n<td style=\"width: 50%;\"><span style=\"font-family: arial, helvetica, sans-serif; font-size: 14pt;\"><strong>Erfassung der Lieferscheine.<\/strong> Wie bei allen unseren B\u00e4ckerei-Programmen k\u00f6nnen Sie Ihre Lieferscheine in der Lieferschein-Datei datumsfrei ansteuern, bl\u00e4ttern und finden! Je Kunde und Tag sind bis zu 6 Lieferscheine verf\u00fcgbar. Die Lieferscheine werden in der <strong>Eingabezeile<\/strong> erfasst, wo zuerst der Artikel gew\u00e4hlt wird, dann je nach Einstellung die Liefermenge, eine Korrekturmenge und die Retourmenge eingegeben wird. Sie k\u00f6nnen die Artikelbezeichnung, den Preis, den Zeilenrabett und sonstige Konditionen f\u00fcr eine einzelne Lieferung \u00e4ndern oder auch als k\u00fcnftigen Preis +\u00a0 Konditionen abspeichern. Die Lieferschein-Zeilen eines Lieferscheines werden in einer Tabelle gezeigt, in der Sie die Liefermengen auch direkt bearbeiten k\u00f6nnen. Jeder Lieferschein k\u00f6nnte &#8211; theoretisch &#8211; bis zu 999999 Zeilen enthalten!<\/span><\/p>\n<p>Auf der linken Seite sehen Sie die <strong>Kunden-Tabelle<\/strong> mit den Kunden dar\u00fcber Namen + Adresse des in der Tabelle angew\u00e4hlten Kunden. Gleich rechts der Tabelle sind verschiedene Schaltfl\u00e4chen, die die Sortierung, Darstellung der Tabelle sowie verschiedene M\u00f6glichkeiten der Suche in der Kunden-Tabelle. Unter der Kunden-Tabelle sehen Sie eine ComboBox, in der Sie eine aus bis zu <strong>20 Telefonlisten<\/strong> w\u00e4hlen k\u00f6nnen. AUf dem Bild hier unten werden alle vorhandenen Kunden gezeigt. Diese 20 Telefonlisten bestehen jeweils aus einer von Ihnen zu bestimmenden Auswahl von Kunden und zeigen daher zB die Kunden einer Tour oder einer Handelskette in \u00fcbersichtlicherer Form.<\/p>\n<p><img loading=\"lazy\" decoding=\"async\" class=\"alignnone wp-image-8755 size-medium\" src=\"https:\/\/backprima.at\/wp-content\/uploads\/2025\/06\/LIEFERSCHEINE_erfassen06-300x232.png\" alt=\"\" width=\"300\" height=\"232\" srcset=\"https:\/\/backprima.at\/wp-content\/uploads\/2025\/06\/LIEFERSCHEINE_erfassen06-300x232.png 300w, https:\/\/backprima.at\/wp-content\/uploads\/2025\/06\/LIEFERSCHEINE_erfassen06.png 630w\" sizes=\"auto, (max-width: 300px) 100vw, 300px\" \/><\/p>\n<p>&nbsp;<\/p>\n<p>&nbsp;<\/p>\n<p>&nbsp;<\/p>\n<p>&nbsp;<\/p>\n<p>&nbsp;<\/p>\n<p>&nbsp;<\/p>\n<p>&nbsp;<\/p>\n<p>&nbsp;<\/td>\n<\/tr>\n<\/tbody>\n<\/table>\n<p>&nbsp;<\/p>\n<p>&nbsp;<\/p>\n","protected":false},"excerpt":{"rendered":"<p>Wichtige Information: B\u00e4ckerei Prima! ist noch nicht erh\u00e4ltlich! Dieser Web Site und das Programm selbst befinden sich in Ausarbeitung. Alle angef\u00fchrten Features und Preise k\u00f6nnen ohne Angabe von Gr\u00fcnden gel\u00f6scht oder ge\u00e4ndert werden! Lieferungen schneller und leichter erfassen, Kunden einfacher abrechnen, schneller ans Geld! Zum Hilfe-System von B\u00e4ckerei Prima! Erwerb: Sie kaufen und nutzen B\u00e4ckerei [&hellip;]<\/p>\n","protected":false},"author":1,"featured_media":871,"parent":0,"menu_order":1,"comment_status":"closed","ping_status":"open","template":"page-s8c0d.php","meta":{"footnotes":""},"class_list":["post-14","page","type-page","status-publish","has-post-thumbnail","hentry"],"_links":{"self":[{"href":"https:\/\/backprima.at\/index.php\/wp-json\/wp\/v2\/pages\/14","targetHints":{"allow":["GET"]}}],"collection":[{"href":"https:\/\/backprima.at\/index.php\/wp-json\/wp\/v2\/pages"}],"about":[{"href":"https:\/\/backprima.at\/index.php\/wp-json\/wp\/v2\/types\/page"}],"author":[{"embeddable":true,"href":"https:\/\/backprima.at\/index.php\/wp-json\/wp\/v2\/users\/1"}],"replies":[{"embeddable":true,"href":"https:\/\/backprima.at\/index.php\/wp-json\/wp\/v2\/comments?post=14"}],"version-history":[{"count":57,"href":"https:\/\/backprima.at\/index.php\/wp-json\/wp\/v2\/pages\/14\/revisions"}],"predecessor-version":[{"id":8756,"href":"https:\/\/backprima.at\/index.php\/wp-json\/wp\/v2\/pages\/14\/revisions\/8756"}],"wp:featuredmedia":[{"embeddable":true,"href":"https:\/\/backprima.at\/index.php\/wp-json\/wp\/v2\/media\/871"}],"wp:attachment":[{"href":"https:\/\/backprima.at\/index.php\/wp-json\/wp\/v2\/media?parent=14"}],"curies":[{"name":"wp","href":"https:\/\/api.w.org\/{rel}","templated":true}]}}