{"id":357,"date":"2018-11-25T11:01:35","date_gmt":"2018-11-25T10:01:35","guid":{"rendered":"https:\/\/www.backprima.at\/?page_id=357"},"modified":"2023-05-31T08:57:34","modified_gmt":"2023-05-31T06:57:34","slug":"baeckerei-prima-das-preisblatt","status":"publish","type":"page","link":"https:\/\/backprima.at\/index.php\/startseite\/baeckerei-prima-die-preise\/baeckerei-prima-das-preisblatt\/","title":{"rendered":"B\u00e4ckerei Prima! &#8211; das Preisblatt"},"content":{"rendered":"<h3><span style=\"font-family: arial, helvetica, sans-serif; font-size: 14pt; background-color: #ffff99;\"><strong><img loading=\"lazy\" decoding=\"async\" class=\"alignleft size-medium wp-image-901\" src=\"https:\/\/www.backprima.at\/wp-content\/uploads\/2022\/12\/Hauptmenue01_1383x755-300x169.png\" alt=\"\" width=\"300\" height=\"169\" \/>Achtung! Dieses Preisblatt f\u00fcr B\u00e4ckerei Prima! befindet sich in Ausarbeitung!<\/strong><\/span><\/h3>\n<h3><span style=\"font-family: arial, helvetica, sans-serif; font-size: 18pt;\"><strong>B\u00e4ckerei Prima! &#8211; eine Lizenz erwerben<\/strong><\/span><\/h3>\n<h4><span style=\"font-family: arial, helvetica, sans-serif; font-size: 14pt;\"><strong>Einplatz-Version + Mehrplatz-Version von B\u00e4ckerei Prima! &#8211; Kaufpreis 1.990,-<\/strong><\/span><\/h4>\n<p><span style=\"font-family: arial, helvetica, sans-serif; font-size: 14pt;\">Mit <strong>B\u00e4ckerei Prima!<\/strong> unterscheiden wir nicht mehr zwischen Einplatz- und Mehrplatz-Versionen wie zB bei <span style=\"color: #808080;\"><strong>B\u00e4ckerei 2003<\/strong><\/span>. Die Datenbank HFSQL Classic kann lokal oder auch auf einem lokalen Server oder einem NAS-Laufwerk (mit Laufwerksnummer zB Z:) laufen. Mit der Datenbank HFSQL Client\/Server kann lokal, lokal auf einem Server im LAN oder auf einem Web-Server (Windows oder Linux bei einem Provider) gearbeitet werden. Damit ist die Datenbank HFSQL Client\/Server auch \u00fcber das Internet erreichbar. Die Installation und Einrichtung der Datenbank HyperFileSQL Client\/Server kann gerne per Fernwartung von uns erledigt werden, allerdings gegen Berechnung des Aufwands (<a href=\"https:\/\/www.backprima.at\/?page_id=338\">siehe <span style=\"text-decoration: underline;\"><span style=\"color: #0000ff;\"><strong>Dienstleistungen<\/strong><\/span><\/span><\/a>).<\/span><\/p>\n<p><span style=\"font-family: arial, helvetica, sans-serif; font-size: 14pt;\"><strong>Umstieg auf B\u00e4ckerei Prima! von B\u00e4ckerei Plus! V2: 1.490,-<\/strong><\/span><\/p>\n<p><span style=\"font-family: arial, helvetica, sans-serif; font-size: 14pt;\"><strong>Umstieg auf B\u00e4ckerei Prima! von B\u00e4ckerei 2003 \/ Einplatz oder Mehrplatz: 1.490,-<\/strong><\/span><\/p>\n<p><strong><span style=\"font-family: arial, helvetica, sans-serif; font-size: 14pt;\">Umstieg auf B\u00e4ckerei Prima! von einem Mitbewerber-Programm 1.590,-<\/span><\/strong><\/p>\n<table class=\"alignleft\" style=\"width: 100%; border-collapse: collapse; border-style: hidden;\" border=\"1\">\n<tbody>\n<tr style=\"background-color: #f5ed0a; border-style: none;\">\n<td style=\"width: 100%;\">\n<h4><span style=\"font-family: arial, helvetica, sans-serif; font-size: 12pt;\"><strong>Zur Beachtung!<\/strong> F\u00fcr jeden Kauf von <strong>B\u00e4ckerei Prima!<\/strong> ist es Voraussetzung, dass Sie das Programm zuvor auf seine Tauglichkeit f\u00fcr Ihren Betrieb getestet haben! Wir bieten Ihnen nicht nur eine <strong>kostenlose (eingeschr\u00e4nkte) Demo-Version<\/strong> zum Ausprobieren an, Sie k\u00f6nnen auch die <strong>Lizenz f\u00fcr eine kostenlose, uneingeschr\u00e4nkte 60-Tage-Version<\/strong> anfordern und so das Programm 2 Monate lang in allen Aspekten testen. <span style=\"color: #ff0000; font-size: 14pt;\">Wir bieten daher keine &#8222;Geld-zur\u00fcck bei Nichtgefallen&#8220;-Politik an, wir setzen voraus, dass Sie das Programm vor dem Kauf ausf\u00fchrlich getestet und f\u00fcr Ihren Betrieb passend befunden haben!<\/span><\/span><\/h4>\n<\/td>\n<\/tr>\n<\/tbody>\n<\/table>\n<h4><span style=\"font-family: arial, helvetica, sans-serif;\">\u00a0<\/span><span style=\"font-family: arial, helvetica, sans-serif; font-size: 14pt;\"><strong>Kostenlose 60-Tage-Testversion von B\u00e4ckerei Prima!<\/strong><\/span><\/h4>\n<p><span style=\"font-family: arial, helvetica, sans-serif; font-size: 14pt;\"><strong>Test-Version:<\/strong> die lizenzlose download-Version von <strong>B\u00e4ckerei Prima!<\/strong> ist automatisch eine <strong>Test-Version<\/strong>, die unbegrenzt lange verwendet werden darf. Nat\u00fcrlich darf bzw. kann die Test-Version nicht f\u00fcr den Echtbetrieb verwendet werden, Einschr\u00e4nkungen der Zahl der Kunden und der Artikel, Hinweise am Bildschirm, entsprechende gedruckte Hinweise auf den Belegen erg\u00e4nzen das.<\/span><\/p>\n<p><span style=\"font-family: arial, helvetica, sans-serif; font-size: 14pt;\"><strong>60-Tage-Test-Version:<\/strong> Auf Anfrage erhalten Sie von uns gerne eine <strong>kostenlose 60-Tage-Lizenz<\/strong> auf Ihren Namen und mit den von Ihnen gew\u00fcnschten Optionen. Damit k\u00f6nnen Sie im Echtbetrieb arbeiten, k\u00f6nnen zB <strong>B\u00e4ckerei Prima!<\/strong> mit Client\/Server Datenbank verwenden, k\u00f6nnen Optionen wie Etikettendruck, SPAR-Abrechnung oder ein EDI-Interface verwenden. Sie k\u00f6nnen diese Test-Lizenz als Miete mit 1\/60 des Kaufpreises pro Monat beliebig verl\u00e4ngern!<\/span><\/p>\n<h4><span style=\"font-family: arial, helvetica, sans-serif; font-size: 14pt;\"><strong>B\u00e4ckerei Prima! mieten<\/strong><\/span><\/h4>\n<p><span style=\"font-family: arial, helvetica, sans-serif; font-size: 14pt;\"><strong>B\u00e4ckerei Prima!<\/strong> kann auch gemietet werden. Die Kosten pro Monat betragen 1\/60-stel des Kaufpreises des genutzten Programmes und seiner Optionen. Nach Zahlungseingang erhalten Sie von uns dann jeweils eine Lizenz, die bis zum Ablaufdatum der von Ihnen bezahlten Frist reicht. Ab dem 60. bezahlten Monat erhalten Sie von uns eine unbegrenzte Lizenz. Gemietete Versionen von <strong>B\u00e4ckerei Extra!<\/strong> funktionieren immer nur in Verbindung mit einer Internet-Verbindung zu unserem Server, bei Nichtbezahlung einer Monatsmiete ist der Zugriff aufs Programm gesperrt!<\/span><\/p>\n<h4><span style=\"font-family: arial, helvetica, sans-serif; font-size: 14pt;\"><strong>Optionen (= Zus\u00e4tze) zu B\u00e4ckerei Prima! (alle erst sp\u00e4ter erh\u00e4ltlich! Die Kosten f\u00fcr Ein- oder Mehrplatz sind identisch!)<br \/>\n<\/strong><\/span><\/h4>\n<p><span style=\"font-family: arial, helvetica, sans-serif; font-size: 14pt;\"><strong>REWE \/eXite EDI-Interface (ORDERS, DESADV, INVOICE) 500,- (Umstieg von B\u00e4ckerei 2003: 200,-)<\/strong><\/span><\/p>\n<p><span style=\"font-family: arial, helvetica, sans-serif; font-size: 14pt;\"><strong>Sodexo \/ eXite EDI-Interface (ORDERS, DESADV, PRICAT) 500,- (Umstieg von B\u00e4ckerei 2003: 200,-)<\/strong><\/span><\/p>\n<p><span style=\"font-family: arial, helvetica, sans-serif; font-size: 14pt;\"><strong>Falkensteiner \/ eXite EDI-Interface (ORDERS, DESADV, PRICAT) 500,- (Umstieg von B\u00e4ckerei 2003: 200,-)<\/strong><\/span><\/p>\n<p><span style=\"font-family: arial, helvetica, sans-serif; font-size: 14pt;\"><strong>HOGAST \/ e-Mail EDI-Interface (ORDERS, DESADV, INVOICE, PRICAT) 500,- (Umstieg von B\u00e4ckerei 2003: 200,-)<\/strong><\/span><\/p>\n<p><span style=\"font-family: arial, helvetica, sans-serif; font-size: 14pt;\"><strong>RECHNUNGEN BUND (ERB = Elektronische Rechnungen Bund) 500,- (Umstieg von B\u00e4ckerei 2003: 200,-)<\/strong><\/span><\/p>\n<p><span style=\"font-family: arial, helvetica, sans-serif; font-size: 14pt;\"><strong>METRO \/ eXite EDI-Interface (ORDERS, DESADV, INVOICE, PRICAT) 500,-<\/strong><\/span><\/p>\n<p><strong><span style=\"font-family: arial, helvetica, sans-serif; font-size: 14pt;\">SPAR OCR-Rechnungen (noch kein Preis bekannt)<\/span><\/strong><\/p>\n<p><span style=\"font-family: arial, helvetica, sans-serif; font-size: 14pt;\"><strong>Endlos-Etiketten-Druck (Windows) 249,- (Umstieg von B\u00e4ckerei 2003: 100,-)<\/strong><\/span><\/p>\n<p><span style=\"font-family: arial, helvetica, sans-serif; font-size: 14pt;\"><strong>SEPA-Zahlscheine drucken (noch kein Preis bekannt)<br \/>\n<\/strong><\/span><\/p>\n<p><span style=\"font-family: arial, helvetica, sans-serif; font-size: 14pt;\"><strong>A4-Etiketten-Druck (noch kein Preis bekannt)<br \/>\n<\/strong><\/span><\/p>\n<p><span style=\"font-family: arial, helvetica, sans-serif; font-size: 14pt;\"><strong>Zusatz SPAR-Abrechnungen (neu): Preis noch unbekannt, wird nach Absprache mit der SPAR AG ver\u00f6ffentlicht.<\/strong><\/span><\/p>\n<p><span style=\"font-family: arial, helvetica, sans-serif; font-size: 14pt;\"><strong>Zusatz Erfassung der Liefer- und Retourmengen per Waage: unterschiedlich je nach Waagentyp, Preis auf Anfrage<\/strong><\/span><\/p>\n<p><span style=\"font-family: arial, helvetica, sans-serif; font-size: 14pt;\"><strong>Einz\u00e4hltabellen \/ Einz\u00e4hllisten sind in B\u00e4ckerei Prima! immer automatisch enthalten!<\/strong><\/span><\/p>\n<p><span style=\"font-family: arial, helvetica, sans-serif; font-size: 14pt;\"><strong>Anmerkung:<\/strong> f\u00fcr die <strong><span style=\"text-decoration: underline;\">Daten\u00fcbernahme<\/span><\/strong> aus <strong>B\u00e4ckerei Plus! V2<\/strong> sowie aus <strong>B\u00e4ckerei 2003<\/strong> stehen &#8211; nur in der lizensierten Version von <strong>B\u00e4ckerei Prima!<\/strong> &#8211; die entsprechenden automatischen Daten-\u00dcbernahmsprogramme zur Verf\u00fcgung! Wer noch <strong>B\u00e4ckerei Plus! V1<\/strong> hat, muss vor dem Umstieg auf <strong>B\u00e4ckerei Prima!<\/strong> noch auf <strong>B\u00e4ckerei Plus! V2<\/strong> umsteigen, was ja bekanntlich kostenfrei ist.<br \/>\n<\/span><\/p>\n<p>&nbsp;<\/p>\n<p><span style=\"font-family: arial, helvetica, sans-serif; font-size: 14pt;\">\u00a0<\/span><\/p>\n","protected":false},"excerpt":{"rendered":"<p>Achtung! Dieses Preisblatt f\u00fcr B\u00e4ckerei Prima! befindet sich in Ausarbeitung! B\u00e4ckerei Prima! &#8211; eine Lizenz erwerben Einplatz-Version + Mehrplatz-Version von B\u00e4ckerei Prima! &#8211; Kaufpreis 1.990,- Mit B\u00e4ckerei Prima! unterscheiden wir nicht mehr zwischen Einplatz- und Mehrplatz-Versionen wie zB bei B\u00e4ckerei 2003. Die Datenbank HFSQL Classic kann lokal oder auch auf einem lokalen Server oder einem [&hellip;]<\/p>\n","protected":false},"author":1,"featured_media":0,"parent":71,"menu_order":1,"comment_status":"closed","ping_status":"closed","template":"page-full.php","meta":{"footnotes":""},"class_list":["post-357","page","type-page","status-publish","hentry"],"_links":{"self":[{"href":"https:\/\/backprima.at\/index.php\/wp-json\/wp\/v2\/pages\/357","targetHints":{"allow":["GET"]}}],"collection":[{"href":"https:\/\/backprima.at\/index.php\/wp-json\/wp\/v2\/pages"}],"about":[{"href":"https:\/\/backprima.at\/index.php\/wp-json\/wp\/v2\/types\/page"}],"author":[{"embeddable":true,"href":"https:\/\/backprima.at\/index.php\/wp-json\/wp\/v2\/users\/1"}],"replies":[{"embeddable":true,"href":"https:\/\/backprima.at\/index.php\/wp-json\/wp\/v2\/comments?post=357"}],"version-history":[{"count":27,"href":"https:\/\/backprima.at\/index.php\/wp-json\/wp\/v2\/pages\/357\/revisions"}],"predecessor-version":[{"id":1559,"href":"https:\/\/backprima.at\/index.php\/wp-json\/wp\/v2\/pages\/357\/revisions\/1559"}],"up":[{"embeddable":true,"href":"https:\/\/backprima.at\/index.php\/wp-json\/wp\/v2\/pages\/71"}],"wp:attachment":[{"href":"https:\/\/backprima.at\/index.php\/wp-json\/wp\/v2\/media?parent=357"}],"curies":[{"name":"wp","href":"https:\/\/api.w.org\/{rel}","templated":true}]}}