{"id":689,"date":"2019-01-04T15:32:33","date_gmt":"2019-01-04T14:32:33","guid":{"rendered":"https:\/\/www.backprima.at\/?page_id=689"},"modified":"2023-04-28T09:05:54","modified_gmt":"2023-04-28T07:05:54","slug":"baeckerei-prima-die-videos","status":"publish","type":"page","link":"https:\/\/backprima.at\/index.php\/startseite\/baeckerei-prima-unterstuetzung\/baeckerei-prima-die-videos\/","title":{"rendered":"B\u00e4ckerei Prima! &#8211; Die Videos"},"content":{"rendered":"<p>&nbsp;<\/p>\n<table style=\"width: 90.6609%;\">\n<tbody>\n<tr>\n<td style=\"width: 50.4373%;\"><span style=\"color: #800000; font-size: 14pt;\"><strong>Drei Vor-Videos an Stelle eines Vorworts &#8230;<\/strong><\/span><\/p>\n<p><a href=\"https:\/\/www.backprima.at\/?page_id=797\"><strong><span style=\"color: #0000ff;\"><span style=\"text-decoration: underline;\"><span style=\"font-family: arial, helvetica, sans-serif; font-size: 14pt;\">Begr\u00fcssung zu den Videos von B\u00e4ckerei Prima!<\/span><\/span><\/span><\/strong><\/a><\/p>\n<p><span style=\"color: #0000ff; font-family: arial, helvetica, sans-serif; font-size: 14pt;\"><strong><span style=\"text-decoration: underline;\"><a style=\"color: #0000ff; text-decoration: underline;\" href=\"https:\/\/www.backprima.at\/?page_id=789\">Die Vorteile, die Ihnen von B\u00e4ckerei Prima! geboten werden<\/a><\/span><\/strong><\/span><\/p>\n<p><span style=\"color: #0000ff; font-family: arial, helvetica, sans-serif; font-size: 14pt;\"><a style=\"color: #0000ff;\" href=\"https:\/\/www.backprima.at\/startseite\/baeckerei-prima-unterstuetzung\/baeckerei-prima-die-videos\/baeckerei-prima-zu-den-videos\/\"><strong><span style=\"text-decoration: underline;\">Was zu den Videos f\u00fcr B\u00e4ckerei Prima! noch zu sagen ist<\/span><\/strong><\/a><\/span><\/p>\n<p>&nbsp;<\/p>\n<p><span style=\"color: #800000; font-size: 14pt;\"><strong>1 &#8211; Allgemeine Videos zu unseren B\u00e4ckerei-Programmen<\/strong><\/span><\/p>\n<p>Die Fenster unserer Programme<\/p>\n<p>Das Tabelle-Formular-Paradigma<\/p>\n<p><strong>Die Tabellen unserer Programme I<\/strong> (allgemein)<\/p>\n<p><strong>Die Tabellen unserer Programme II<\/strong> (Anzeigen filtern)<\/p>\n<p><strong>Die Tabellen unserer Programme III<\/strong> (Export einer ganzen Tabelle zB nach Wordpad)<\/p>\n<p>Die ComboBoxen unserer Programme<\/p>\n<p>Die Eingabefelder unserer Programme<\/p>\n<p>Die Druckvorschau<\/p>\n<p>Die Preisbildung in B\u00e4ckerei Prima!<\/p>\n<p>Die Endrabatt-Sperre in B\u00e4ckerei Prima!<\/p>\n<p>Die Retourenbegrenzung von B\u00e4ckerei Prima!<\/p>\n<p>Warum ist die Eingabe-Zeile f\u00fcr die Lieferscheine unten?<\/p>\n<p>Warum sind die Artikelnummern rein numerisch?<\/p>\n<p><strong>\u00a0<\/strong><\/p>\n<p><span style=\"color: #800000; font-size: 14pt;\"><strong>2 &#8211; Die komplette Vorf\u00fchrung von B\u00e4ckerei Prima!<\/strong><\/span><\/p>\n<p>Wir starten das Programm und loggen uns ein<\/p>\n<p>Das Hauptmen\u00fc und seine Funktionen<\/p>\n<p>Der Unternehmens-Stamm<\/p>\n<p>Erfassung eines Kundendatensatzes<\/p>\n<p>Erfassung eines Artikeldatensatzes<\/p>\n<p>Die Preisbildung in B\u00e4ckerei Prima!<\/p>\n<p>Erfassung einer Preisliste<\/p>\n<p>Zuordnung einer Preisliste zu einem Kunden<\/p>\n<p>Zuordnung einer Aktionspreisliste<\/p>\n<p>Erfassung eines Aktionsdatensatzes<\/p>\n<p>Erfassung der Lieferscheine<\/p>\n<p>&nbsp;<\/p>\n<h4><span style=\"color: #800000;\"><strong>3 &#8211; Anleitung zu Installation und Test von B\u00e4ckerei Prima!<\/strong><\/span><\/h4>\n<p><strong>Die Installation von B\u00e4ckerei Prima! vorbereiten<\/strong><\/p>\n<p><strong>Das Herunterladen von B\u00e4ckerei Prima!<\/strong><\/p>\n<p>Installation und Einrichten der Demo-Version von B\u00e4ckerei Prima!<\/p>\n<p>Installation und Einrichten von B\u00e4ckerei Prima! mit HFSQL Classic<\/p>\n<p>Installation und Einrichten von B\u00e4ckerei Prima! mit HFSQL Client\/Server<\/p>\n<p>Der erste Start von B\u00e4ckerei Prima!<\/p>\n<p>Der Umstieg von B\u00e4ckerei Plus! v2 auf B\u00e4ckerei Prima!<\/p>\n<p>Der Umstieg von B\u00e4ckerei 2003 auf B\u00e4ckerei Prima!<\/p>\n<p>Neubeginn mit B\u00e4ckerei Prima!<\/p>\n<p>&nbsp;<\/p>\n<p><strong><span style=\"color: #800000; font-size: 14pt;\">4 &#8211; Schulung zur Verwendung von B\u00e4ckerei Prima!<\/span><br \/>\n<\/strong><\/p>\n<p>&nbsp;<\/p>\n<p><strong>Das Hauptmen\u00fc &#8211; Teil 1<\/strong> + <strong>Text<\/strong><\/p>\n<p>&nbsp;<\/td>\n<td style=\"width: 49.4898%;\">\n<h5><span style=\"color: #800000; font-size: 14pt; font-family: arial, helvetica, sans-serif;\"><strong>Hier finden Sie alle Videos zu B\u00e4ckerei Prima!<\/strong><\/span><\/h5>\n<p><span style=\"font-family: arial, helvetica, sans-serif;\">Seit dem Programm <strong>B\u00e4ckerei Plus! v1<\/strong> (ab dem Jahre 2000) sind wir davon \u00fcberzeugt, dass Videos zu Software-Produkten f\u00fcr die Anwender den h\u00f6chsten Nutzen haben! Der Nachteil (f\u00fcr uns) ist, dass die Herstellung ziemlich zeitaufw\u00e4ndig ist, das soll Sie aber nicht k\u00fcmmern. Gleich vom Start des Programms weg werden wir nicht alle Videos hinbekommen, doch der Weg ist das Ziel, irgendwann werden wir auch das fertigstellen k\u00f6nnen &#8230;.<\/span><\/p>\n<p><span style=\"color: #800000; font-size: 14pt; font-family: arial, helvetica, sans-serif;\"><strong>Die Vorteile von Videos als Schulungsunterlage liegen auf der Hand:<\/strong><\/span><\/p>\n<p><span style=\"font-family: arial, helvetica, sans-serif;\"><span style=\"font-size: 14pt;\"><strong>Kostenersparnis.<\/strong><\/span> Wenn ein Instruktor zu Ihnen fahren muss, dann kostet das nat\u00fcrlich etwas. Fahrt und Arbeitszeit, eventuell auch eine oder zwei \u00dcbernachtungen. Irgendwer muss das bezahlen &#8211; wer anders als Sie, der Kunde!? Sie sparen mit dem Einsatz der Videos also ordentlich Geld. (Wenn Sie glauben, aus welchen Gr\u00fcnden auch immer, um eine pers\u00f6nliche Schulung nicht herumkommen zu k\u00f6nnen, so rufen Sie uns an und vereinbaren einen Termin!)<\/span><\/p>\n<p><span style=\"font-family: arial, helvetica, sans-serif;\"><span style=\"font-size: 14pt;\"><strong>Vor-Ort-Schulung ist eine einmalige Angelegenheit!<\/strong><\/span> So ein Instruktor kann seine Schulung nur einmal leisten. Dann wissen Sie&#8217;s oder Sie wissen&#8217;s eben nicht. Wenn Sie zu viele Fragen stellen, dann ist die Zeit dahin und Sie k\u00f6nnen vielleicht nur die H\u00e4lfte der geplanten Schulung an diesem Tag nicht konsumieren. Ein Video k\u00f6nnen Sie sich mehrmals ansehen &#8211; so oft, bis Sie es verstanden haben. Und selbstverst\u00e4ndlich decken die Videos den Umfang des Programmes <strong>B\u00e4ckerei Prima!<\/strong> vollst\u00e4ndig ab! Haben Sie noch immer Fragen? Einfach eine e-Mail mit der Frage an <a href=\"mailto:office@syspredl.com\"><strong>office@syspredl.com<\/strong><\/a> senden!<\/span><\/p>\n<p><span style=\"font-family: arial, helvetica, sans-serif;\"><span style=\"font-size: 14pt;\"><strong>Ist die Schulung vollst\u00e4ndig?<\/strong><\/span> Ein Instruktor liest seinen Vortrag nicht vom Zettel herunter, er spricht in freier Rede &#8211; mit Ihnen und nicht \u00fcber Sie hinweg. Das hat Vorteile, weils lebendiger ist, aber auch den Nachteil, dass in freier Rede nicht immer alles erw\u00e4hnt bzw. auf den Punkt gebracht werden kann. Die Texte der Videos wurden in vielen Wochen Arbeit sorgf\u00e4ltig ausgefeilt, um dem Betrachter das Maximum an Verst\u00e4ndlichkeit und Erkl\u00e4rung bieten zu k\u00f6nnen. Die Videos decken daher den Umfang des Programmes <strong>B\u00e4ckerei Prima!<\/strong> vollst\u00e4ndig ab!<\/span><\/p>\n<p><span style=\"font-family: arial, helvetica, sans-serif;\"><span style=\"font-size: 14pt;\"><strong>Bestens geschultes Personal?<\/strong><\/span> Ein Instruktor ist nur einmal da. Bei Personalwechsel im B\u00fcro Ihrer B\u00e4ckerei m\u00fcssen sich &#8218;die Neuen&#8216; den Umgang mit <strong>B\u00e4ckerei Prima!<\/strong> selbst erarbeiten &#8211; oder sie tun&#8217;s auch nicht. Die Qualit\u00e4t der Arbeit in Ihrer Firma leidet unweigerlich darunter &#8211; weil gute Autodidakten (= Leute, die zum Selbstlernen f\u00e4hig sind) eher selten sind. Aber die Videos stehen in vollem Umfang und zu jeder Zeit auch &#8218;den Neuen&#8216; zur Verf\u00fcgung, f\u00fcr die gesamte Dauer der Verwendung von <strong>B\u00e4ckerei Prima!<\/strong> Der Vorteil liegt f\u00fcr Sie auf der Hand: Sie haben immer bestens geschultes Personal!<\/span><\/p>\n<p><span style=\"font-family: arial, helvetica, sans-serif;\"><span style=\"font-size: 14pt;\"><strong>Wann soll man das alles lernen?<\/strong><\/span> Die Videos zu <strong>B\u00e4ckerei Prima!<\/strong> k\u00f6nnen Sie oder Ihr Personal jederzeit ansehen! Am Abend, in der Fr\u00fch, am Wochenende oder auch dann, wenn pl\u00f6tzlich ein Bedienungs-Problem mit <strong>B\u00e4ckerei Prima!<\/strong> auftaucht. Die Videos zu <strong>B\u00e4ckerei Prima!<\/strong> erlauben Ihnen also zeitungebundenes Lernen!<\/span><\/p>\n<p><span style=\"font-family: arial, helvetica, sans-serif; font-size: 12pt;\"><strong>Die Videos liegen auf YouTube und VIMEO<br \/>\n<\/strong><\/span><\/p>\n<p><span style=\"font-family: arial, helvetica, sans-serif; font-size: 12pt;\">Grunds\u00e4tzlich hinterlegen wir unsere Videos im HD-Format (16:9) auf <strong>YouTube<\/strong>, damit sie von Google\u2019s Suchmaschine gefunden werden und jedem Interessenten zur Verf\u00fcgung stehen. Der Vorteil ist dabei, dass man praktisch mit jedem Ger\u00e4t, mit dem man ins Internet kann (Smartphone, Tablet, PC ..) <strong>YouTube<\/strong> aufrufen kann. Der Nachteil ist, dass beim Abspielen der Videos immer wieder Werbung eingeblendet wird und man diese Werbung teils ansehen, teils \u00fcberspringen muss.<\/span><\/p>\n<p><span style=\"font-family: arial, helvetica, sans-serif; font-size: 12pt;\">Seit August 2017 hinterlegen wir die selben Videos auch auf <strong>VIMEO<\/strong>, einem Web Site, der \u00e4hnlich wie Youtube das Hochladen von Videos anbietet \u2013 aber mit dem Vorteil, dass weder vor, noch in oder nach den Videos Werbung eingeblendet wird. Klar, \u201ekeine Werbung\u201c kostet uns ein wenig, hat jedoch f\u00fcr Sie den gro\u00dfen Vorteil, dass Sie sich nicht dauernd irgendwelche Werbe-Spots ansehen m\u00fcssen. <strong>Die Links dieser Seite zielen alle auf den Web Site von VIMEO \u2026<\/strong><\/span><\/p>\n<p>&nbsp;<\/p>\n<p>&nbsp;<\/p>\n<p>&nbsp;<\/td>\n<\/tr>\n<\/tbody>\n<\/table>\n<p>&nbsp;<\/p>\n","protected":false},"excerpt":{"rendered":"<p>&nbsp; Drei Vor-Videos an Stelle eines Vorworts &#8230; Begr\u00fcssung zu den Videos von B\u00e4ckerei Prima! Die Vorteile, die Ihnen von B\u00e4ckerei Prima! geboten werden Was zu den Videos f\u00fcr B\u00e4ckerei Prima! noch zu sagen ist &nbsp; 1 &#8211; Allgemeine Videos zu unseren B\u00e4ckerei-Programmen Die Fenster unserer Programme Das Tabelle-Formular-Paradigma Die Tabellen unserer Programme I (allgemein) [&hellip;]<\/p>\n","protected":false},"author":1,"featured_media":0,"parent":687,"menu_order":20,"comment_status":"closed","ping_status":"closed","template":"page-full.php","meta":{"footnotes":""},"class_list":["post-689","page","type-page","status-publish","hentry"],"_links":{"self":[{"href":"https:\/\/backprima.at\/index.php\/wp-json\/wp\/v2\/pages\/689","targetHints":{"allow":["GET"]}}],"collection":[{"href":"https:\/\/backprima.at\/index.php\/wp-json\/wp\/v2\/pages"}],"about":[{"href":"https:\/\/backprima.at\/index.php\/wp-json\/wp\/v2\/types\/page"}],"author":[{"embeddable":true,"href":"https:\/\/backprima.at\/index.php\/wp-json\/wp\/v2\/users\/1"}],"replies":[{"embeddable":true,"href":"https:\/\/backprima.at\/index.php\/wp-json\/wp\/v2\/comments?post=689"}],"version-history":[{"count":26,"href":"https:\/\/backprima.at\/index.php\/wp-json\/wp\/v2\/pages\/689\/revisions"}],"predecessor-version":[{"id":1341,"href":"https:\/\/backprima.at\/index.php\/wp-json\/wp\/v2\/pages\/689\/revisions\/1341"}],"up":[{"embeddable":true,"href":"https:\/\/backprima.at\/index.php\/wp-json\/wp\/v2\/pages\/687"}],"wp:attachment":[{"href":"https:\/\/backprima.at\/index.php\/wp-json\/wp\/v2\/media?parent=689"}],"curies":[{"name":"wp","href":"https:\/\/api.w.org\/{rel}","templated":true}]}}