{"id":99,"date":"2018-04-05T07:06:52","date_gmt":"2018-04-05T05:06:52","guid":{"rendered":"http:\/\/www.backprima.at\/?page_id=99"},"modified":"2022-12-03T10:44:38","modified_gmt":"2022-12-03T09:44:38","slug":"baeckerei-prima-die-leistung","status":"publish","type":"page","link":"https:\/\/backprima.at\/index.php\/startseite\/baeckerei-prima-die-leistung\/","title":{"rendered":"B\u00e4ckerei Prima! &#8211; Der Leistungsumfang"},"content":{"rendered":"<p><span style=\"font-family: arial, helvetica, sans-serif;\">In diesem Men\u00fczweig soll Ihnen der Leistungsumfang von <strong>B\u00e4ckerei Prima!<\/strong> n\u00e4her gebracht werden.<\/span><\/p>\n<p>&nbsp;<\/p>\n<p><span style=\"font-family: arial, helvetica, sans-serif;\"><a href=\"https:\/\/www.backprima.at\/baeckerei-prima-was-kann-es\/\"><span style=\"text-decoration: underline;\"><span style=\"color: #0000ff; text-decoration: underline;\">Im Punkt &#8222;Was kann es?&#8220; werden die Unterschiede zu <strong>B\u00e4ckerei Plus!<\/strong> dargestellt &#8211; und das sind sehr viele<\/span><\/span><\/a><\/span><\/p>\n<p><span style=\"font-family: arial, helvetica, sans-serif;\"><a href=\"https:\/\/www.backprima.at\/startseite\/baeckerei-prima-die-leistung\/baeckerei-prima-leistungsbeschreibung\/\"><span style=\"text-decoration: underline; color: #0000ff;\">Im Punkt &#8222;Leistungsbeschreibung von <strong>B\u00e4ckerei Prima!<\/strong>&#8220; sehen Sie den gesamten Leistungsumfang<\/span><\/a><\/span><\/p>\n<p><span style=\"font-family: arial, helvetica, sans-serif;\">Wir spielen mit offenen Karten &#8230; Sie k\u00f6nnen die Test-Version von <strong>B\u00e4ckerei Prima! <\/strong>herunterladen, wir haben Demo-Daten f\u00fcr Sie vorbereitet, Sie k\u00f6nnen sofort loslegen, um alle Aspekte des Programms zu pr\u00fcfen. Sie sollen schlie\u00dflich \u00fcber alle f\u00fcr Sie wichtigen Funktionen von <strong>B\u00e4ckerei Prima!<\/strong> Bescheid wissen! Aber: wir akzeptieren nach dem Kauf keine Einw\u00e4nde, dass das Programm diese oder jene Funktion, die doch so wichtig f\u00fcr Sie w\u00e4re, nicht bieten w\u00fcrde und dass Sie gerne Ihr Geld zur\u00fcckhaben wollen. Wir haben Ihnen schlie\u00dflich alle M\u00f6glichkeiten geboten, das Programm auszuprobieren und es gibt sogar die M\u00f6glichkeit einer <strong>kostenlosen 60-Tage-Testversion<\/strong>, die alle Funktionen f\u00fcr Sie freischaltet. Selbstverst\u00e4ndlich sind wir immer an vern\u00fcnftigen Erweiterungsvorschl\u00e4gen f\u00fcr unsere B\u00e4ckerei-Programme interessiert, schreiben Sie uns einfach per e-Mail. Wir hoffen, dass das Hilfe-System<\/span><\/p>\n","protected":false},"excerpt":{"rendered":"<p>In diesem Men\u00fczweig soll Ihnen der Leistungsumfang von B\u00e4ckerei Prima! n\u00e4her gebracht werden. &nbsp; Im Punkt &#8222;Was kann es?&#8220; werden die Unterschiede zu B\u00e4ckerei Plus! dargestellt &#8211; und das sind sehr viele Im Punkt &#8222;Leistungsbeschreibung von B\u00e4ckerei Prima!&#8220; sehen Sie den gesamten Leistungsumfang Wir spielen mit offenen Karten &#8230; Sie k\u00f6nnen die Test-Version von B\u00e4ckerei [&hellip;]<\/p>\n","protected":false},"author":1,"featured_media":0,"parent":14,"menu_order":10,"comment_status":"closed","ping_status":"closed","template":"page-full.php","meta":{"footnotes":""},"class_list":["post-99","page","type-page","status-publish","hentry"],"_links":{"self":[{"href":"https:\/\/backprima.at\/index.php\/wp-json\/wp\/v2\/pages\/99","targetHints":{"allow":["GET"]}}],"collection":[{"href":"https:\/\/backprima.at\/index.php\/wp-json\/wp\/v2\/pages"}],"about":[{"href":"https:\/\/backprima.at\/index.php\/wp-json\/wp\/v2\/types\/page"}],"author":[{"embeddable":true,"href":"https:\/\/backprima.at\/index.php\/wp-json\/wp\/v2\/users\/1"}],"replies":[{"embeddable":true,"href":"https:\/\/backprima.at\/index.php\/wp-json\/wp\/v2\/comments?post=99"}],"version-history":[{"count":6,"href":"https:\/\/backprima.at\/index.php\/wp-json\/wp\/v2\/pages\/99\/revisions"}],"predecessor-version":[{"id":891,"href":"https:\/\/backprima.at\/index.php\/wp-json\/wp\/v2\/pages\/99\/revisions\/891"}],"up":[{"embeddable":true,"href":"https:\/\/backprima.at\/index.php\/wp-json\/wp\/v2\/pages\/14"}],"wp:attachment":[{"href":"https:\/\/backprima.at\/index.php\/wp-json\/wp\/v2\/media?parent=99"}],"curies":[{"name":"wp","href":"https:\/\/api.w.org\/{rel}","templated":true}]}}